{"id":123,"date":"2026-03-19T18:40:53","date_gmt":"2026-03-19T18:40:53","guid":{"rendered":"https:\/\/lra-soemmerda.de\/?page_id=123"},"modified":"2026-03-25T11:47:33","modified_gmt":"2026-03-25T10:47:33","slug":"elektronische-kommunikation-mit-dem-landratsamt","status":"publish","type":"page","link":"https:\/\/www.lra-soemmerda.de\/?page_id=123","title":{"rendered":"Elektronische Kommunikation mit dem Landratsamt"},"content":{"rendered":"\n<div class=\"wp-block-columns alignwide is-layout-flex wp-container-core-columns-is-layout-28f84493 wp-block-columns-is-layout-flex\">\n<div class=\"wp-block-column is-layout-flow wp-block-column-is-layout-flow\">\n<h2 class=\"wp-block-heading\">Einfache&nbsp;Mitteilungen<\/h2>\n\n\n\n<p>Wenn Sie uns&nbsp;auf elektronischem Weg Dokumente und Informationen \u00fcbermitteln m\u00f6chten, stehen Ihnen unsere E-Mail-Postf\u00e4cher f\u00fcr den unverschl\u00fcsselten Versand von Nachrichten&nbsp;zur Verf\u00fcgung.&nbsp;<\/p>\n\n\n\n<p>Leider kann beim Versenden per E-Mail aufgrund der fehlenden Verschl\u00fcsselung nicht sichergestellt werden, dass die Daten von Unbefugten mitgelesen oder manipuliert werden. Au\u00dferdem kann bei einer E-Mail die Identit\u00e4t des Absenders nicht \u00fcberpr\u00fcft werden, weshalb es auch&nbsp;unzul\u00e4ssig&nbsp;ist, schriftformbed\u00fcrfte Antr\u00e4ge oder Widerspr\u00fcche per E-Mail einzureichen. Das w\u00e4re nur m\u00f6glich, wenn der Absender seine Nachricht mit einer g\u00fcltigen qualifizierten elektronischen Signatur versieht.&nbsp;Damit w\u00e4re zwar&nbsp;der Absender identifizierbar und eine Manipulation ausgeschlossen, die Nachricht wird dennoch unverschl\u00fcsselt \u00fcber das Internet \u00fcbermittelt und kann deshalb von Unbefugten mitgelesen werden. Es ist zwar zul\u00e4ssig, auf diesem Wege einen Antrag einzureichen oder&nbsp;einen Widerspruch zu erheben, wir raten&nbsp;jedoch&nbsp;aus Datenschutzgr\u00fcnden von&nbsp;dieser Art der Nachrichten\u00fcbermittlung ab. Nutzen Sie unsere E-Mail-Postf\u00e4cher bitte ausschlie\u00dflich zum Versand einfacher Mitteilungen.<\/p>\n\n\n\n<p>Sollten Sie dennoch einen Widerspruch per E-Mail einreichen wollen, beachten Sie bitte, dass die Nachricht zwingend mit einer qualifizierten&nbsp;elektronischen&nbsp;Signatur nach den Vorschriften der Verordnung (EU) Nr. 910\/2014 des europ\u00e4ischen Parlaments und des Rates (eIDAS-Verordnung &#8211; EU) versehen werden muss. Die E-Mail-Adresse f\u00fcr die Erhebung des Widerspruchs&nbsp;lautet:&nbsp;<a href=\"mailto:poststelle@lra-soemmerda.de\">poststelle@lra-soemmerda.de.<\/a><\/p>\n\n\n\n<p>F\u00fcr die \u00dcbermittlung sonstiger&nbsp;Nachrichten stehen Ihnen die&nbsp;folgenden M\u00f6glichkeiten zur Verf\u00fcgung:<\/p>\n\n\n\n<h2 class=\"wp-block-heading\">Elektronische&nbsp;Antr\u00e4ge<\/h2>\n\n\n\n<p>F\u00fcr die elektronische Antragstellung verwenden Sie bitte die zur Verf\u00fcgung stehenden&nbsp;<a href=\"https:\/\/lra-soemmerda.de\/?page_id=76\" data-type=\"page\" data-id=\"76\">Online-Dienste<\/a>.\u200b&nbsp;Weitere Informationen zur Nutzung der Online Dienste haben wir&nbsp;<a href=\"https:\/\/lra-soemmerda.de\/?page_id=125\" data-type=\"page\" data-id=\"125\">auf dieser Seite<\/a>\u200b f\u00fcr Sie zusammengestellt.<\/p>\n\n\n\n<h2 class=\"wp-block-heading\">Widerspr\u00fcche und sonstige Dokumente<\/h2>\n\n\n\n<p>F\u00fcr die \u00dcbermittlung sonstiger Nachrichten und Dokumente, die aus Datenschutzgr\u00fcnden verschl\u00fcsselt werden m\u00fcssen oder bei denen eine Identifizierung des Absenders erforderlich ist,&nbsp;wird zus\u00e4tzlich&nbsp;ein sicherer elektronischer Postfachdienst ben\u00f6tigt. Das Landratsamt S\u00f6mmerda verf\u00fcgt zu diesem Zweck&nbsp;\u00fcber mehrere besondere elektronische Beh\u00f6rdenpostf\u00e4cher (beBPo). Sie m\u00fcssen \u00fcber eine Zugangsm\u00f6glichkeit zu dieser gesicherten&nbsp;Infrastruktur verf\u00fcgen, um uns auf diesem Weg Nachrichten senden zu k\u00f6nnen. Rechtsanw\u00e4lte, Notare, Gerichte und andere Beh\u00f6rden verf\u00fcgen bereits \u00fcber entsprechende Postf\u00e4cher, z.B. &#8222;beA&#8220;, &#8222;beN&#8220;, &#8222;beBPo&#8220; oder &#8222;EGVP&#8220;. Auch andere Personen und Organisationen k\u00f6nnen Zugang \u00fcber ein &#8222;eBO&#8220; \u200berhalten. Weitere Informationen zum eBO haben wir weiter&nbsp;unten f\u00fcr Sie zusammengestellt.&nbsp;<\/p>\n\n\n\n<p>Ein Widerspruch kann durch eine elektronisch signierte Erkl\u00e4rung aus einem besonderen elektronischen Anwaltspostfach (beA), aus einem besonderen elektronischen Beh\u00f6rdenpostfach (beBPo) oder aus einem besonderen elektronischen B\u00fcrger- und Organisationenpostfach (eBO) nach den Vorschriften der Rechtsanwaltsverzeichnis- und -postfachverordnung (RAVPV) bzw. der Elektronischer-Rechtsverkehr-Verordnung (ERVV) erhoben werden.\u200b<\/p>\n\n\n\n<p><strong>Besonderes elektronisches B\u00fcrger- und Organisationenpostfach (eBO)<\/strong><\/p>\n\n\n\n<p>Das elektronische B\u00fcrger- und Organisationenpostfach (eBO) ist ein digitales Postfach f\u00fcr B\u00fcrger und Organisationen (z.B. juristische Personen, Firmen, Vereine, Verb\u00e4nde sowie Verfahrensbeteiligte wie Dolmetscher, Sachverst\u00e4ndige und Gutachter). Es kann zum sicheren und zuverl\u00e4ssigen Austausch von Dokumenten mit der Justiz (Gerichte, Staatsanwaltschaften, Justizvollzug, soziale Diensten der Justiz, Justizverwaltung) sowie mit Anw\u00e4lten, Notaren und Beh\u00f6rden genutzt werden. Das eBO ist Teil der OSCI-Infrastruktur f\u00fcr den elektronischen Rechtsverkehr (ERV). Die Kommunikation \u00fcber das eBO stellt dabei einen sogenannten sicheren \u00dcbermittlungsweg dar. Schrifts\u00e4tze, die \u00fcber das eBO verschickt werden, m\u00fcssen nicht mehr zus\u200b\u00e4tzlich unterzeichnet werden \u2013 weder eigenh\u00e4ndig noch mit elektronischer Signatur. Die Nachrichten sind verschl\u00fcsselt und k\u00f6nnen nur durch den Empf\u00e4nger gelesen werden.&nbsp;<\/p>\n\n\n\n<p>Die Nutzung des eBO ist nur mit einer geeigneten Anwendung m\u00f6glich. Derzeit sind entsprechende Programme leider nicht kostenlos erh\u00e4ltlich. Au\u00dferdem muss ein Registrierungsprozess durchlaufen werden, bei dem Sie bzw. Ihre Organisation sicher identifiziert werden. Dies geht am einfachsten mit der Online-Ausweisfunktion des Personalausweises (weitere Informationen:&nbsp;<a href=\"https:\/\/www.personalausweisportal.de\/Webs\/PA\/DE\/buergerinnen-und-buerger\/online-ausweisen\/online-ausweisen-node.html\">Personalausweisportal &#8211; Online-Ausweisen mit Ausweiskarte<\/a>) oder mit einem qualifizierten elektronischen Siegel. Sollten Sie beides nicht zur Hand haben, k\u00f6nnen Sie sich bei einer Notarin oder einem Notar Ihrer Wahl\u200b identifizieren. Hierf\u00fcr fallen weitere Kosten an. Weitere Informationen sowie eine Liste der Software-Anbieter stellt die Justiz auf folgender Internetseite bereit:&nbsp;<a href=\"https:\/\/justiz.de\/ervvoe\/textordner_fuer_buerger\/index.php%3bjsessionid=F0C0F16050794FBE32204977CF3A6F7F\">Justizportal des Bundes und der L\u00e4nder: Elektronischer Rechtsverkehr f\u00fcr B\u00fcrgerinnen und B\u00fcrger<\/a><\/p>\n\n\n\n<p>Damit Nachrichten erhalten und versendet werden k\u00f6nnen, werden Name und Anschrift gespeichert und in dem Adressbuch des elektronischen Rechtsverkehrs ver\u00f6ffentlicht. Die Daten in diesem Adressbuch k\u00f6nnen nur von der Justiz (Gericht), Beh\u00f6rden, Rechtsanw\u00e4lten und Notaren sowie Steuerberatern eingesehen werden. Andere eBO-Postfachinhaber haben darauf keinen Zugriff.<\/p>\n\n\n\n<p>Falls Sie Schrifts\u00e4tze an die Justiz \u00fcbermitteln m\u00f6chten, beachten Sie bitte die besonderen Anforderungen des elektronischen Rechtsverkehrs. Die Dokumente m\u00fcssen im Dateiformat PDF vorliegen. Au\u00dferdem muss der Schriftsatz einfach signiert sein, das hei\u00dft als Unterschrift den Namenszug der verantwortenden Person tragen. Die Unterschrift kann eingescannt sein, ausreichend ist aber auch die Wiedergabe des Namens in Maschinenschrift. Weitere Informationen erhalten Sie hier:&nbsp;<a href=\"https:\/\/justiz.de\/laender-bund-europa\/elektronische_kommunikation\/index.php%3bjsessionid=40EB7D0D7DD44FDFCD60F5429446358F\">Justizportal des Bundes und der L\u00e4nder: Elektronische Kommunikation im Bereich der Justiz\u200b<\/a><\/p>\n\n\n\n<p>Zul\u00e4ssige Dateitypen f\u00fcr den Datenaustausch<br>Wenn Sie unseren Bediensteten&nbsp;einzelne Dateien&nbsp;zusenden m\u00f6chten, akzeptieren wir&nbsp;die folgenden Dateiformate:<\/p>\n\n\n\n<ul class=\"wp-block-list\">\n<li>Textbasierte Formate: txt, csv, log<\/li>\n\n\n\n<li>Dokumentenformate: pdf, docx, rtf, xlsx, pptx, ppsx<\/li>\n\n\n\n<li>Bildformate: jpg, jpeg, png, tiff<\/li>\n\n\n\n<li>Sonstige: xml, json, zip, eml, msg, p7s<\/li>\n<\/ul>\n\n\n\n<p>Falls Sie Dateien zum Download f\u00fcr unsere Bediensteten bereitstellen m\u00f6chten, sind zus\u00e4tzlich zu den zuvor genannten Dateiformaten auch die folgenden Formate zugelassen:<\/p>\n\n\n\n<ul class=\"wp-block-list\">\n<li>Bildformate: svg, eps<\/li>\n\n\n\n<li>Audioformate: mp3, wav, m4a, mp4<\/li>\n\n\n\n<li>Programmdateien: gpx, indd, ai, cdr<\/li>\n\n\n\n<li>Sonstige: per, asc, pfx<\/li>\n<\/ul>\n\n\n\n<p>F\u00fcr die \u00dcbermittlung vollst\u00e4ndiger&nbsp;Akten nutzen&nbsp;Sie bitte ausschlie\u00dflich die Dateiformate pdf oder tiff.\u200bDer Absender entsprechender elektronischer Nachrichten hat ggf. durch Konvertierung daf\u00fcr Sorge zu tragen, dass die an uns \u00fcbermittelten Dateien den oben genannten Formaten entsprechen.&nbsp;<\/p>\n\n\n\n<p><br>F\u00fcr die Einhaltung datenschutzrechtlicher Anforderungen ist ausschlie\u00dflich&nbsp;der Absender&nbsp;einer&nbsp;Nachricht&nbsp;verantwortlich.\u200b\u200b<\/p>\n<\/div>\n<\/div>\n","protected":false},"excerpt":{"rendered":"<p>Einfache&nbsp;Mitteilungen Wenn Sie uns&nbsp;auf elektronischem Weg Dokumente und Informationen \u00fcbermitteln m\u00f6chten, stehen Ihnen unsere E-Mail-Postf\u00e4cher f\u00fcr den unverschl\u00fcsselten Versand von Nachrichten&nbsp;zur Verf\u00fcgung.&nbsp; Leider kann beim Versenden per E-Mail aufgrund der fehlenden Verschl\u00fcsselung nicht sichergestellt werden, dass die Daten von Unbefugten mitgelesen oder manipuliert werden. Au\u00dferdem kann bei einer E-Mail die Identit\u00e4t des Absenders nicht \u00fcberpr\u00fcft [&hellip;]<\/p>\n","protected":false},"author":7,"featured_media":0,"parent":0,"menu_order":0,"comment_status":"closed","ping_status":"closed","template":"","meta":{"footnotes":""},"class_list":["post-123","page","type-page","status-publish","hentry"],"_links":{"self":[{"href":"https:\/\/www.lra-soemmerda.de\/index.php?rest_route=\/wp\/v2\/pages\/123","targetHints":{"allow":["GET"]}}],"collection":[{"href":"https:\/\/www.lra-soemmerda.de\/index.php?rest_route=\/wp\/v2\/pages"}],"about":[{"href":"https:\/\/www.lra-soemmerda.de\/index.php?rest_route=\/wp\/v2\/types\/page"}],"author":[{"embeddable":true,"href":"https:\/\/www.lra-soemmerda.de\/index.php?rest_route=\/wp\/v2\/users\/7"}],"replies":[{"embeddable":true,"href":"https:\/\/www.lra-soemmerda.de\/index.php?rest_route=%2Fwp%2Fv2%2Fcomments&post=123"}],"version-history":[{"count":3,"href":"https:\/\/www.lra-soemmerda.de\/index.php?rest_route=\/wp\/v2\/pages\/123\/revisions"}],"predecessor-version":[{"id":251,"href":"https:\/\/www.lra-soemmerda.de\/index.php?rest_route=\/wp\/v2\/pages\/123\/revisions\/251"}],"wp:attachment":[{"href":"https:\/\/www.lra-soemmerda.de\/index.php?rest_route=%2Fwp%2Fv2%2Fmedia&parent=123"}],"curies":[{"name":"wp","href":"https:\/\/api.w.org\/{rel}","templated":true}]}}