{"id":125,"date":"2026-03-19T18:44:50","date_gmt":"2026-03-19T18:44:50","guid":{"rendered":"https:\/\/lra-soemmerda.de\/?page_id=125"},"modified":"2026-03-25T11:49:10","modified_gmt":"2026-03-25T10:49:10","slug":"informationen-zu-online-services-fuer-die-beantragung-von-leistungen-online-antragstellung","status":"publish","type":"page","link":"https:\/\/www.lra-soemmerda.de\/?page_id=125","title":{"rendered":"Informationen zu Online-Services f\u00fcr die Beantragung von Leistungen (Online-Antragstellung)\u200b"},"content":{"rendered":"\n<h3 class=\"wp-block-heading\">BundID-Konto<\/h3>\n\n\n\n<p>Die BundID ist ein Nutzerkonto mit integriertem digitalen\u00a0Identit\u00e4tsverfahren. Es erm\u00f6glicht\u00a0B\u00fcrgerinnen und B\u00fcrgern, sich sicher und einfach bei verschiedenen Online-Diensten der \u00f6ffentlichen Verwaltung zu identifizieren. Au\u00dferdem steht im BundID-Konto ein Postfach zum\u00a0Empfang von Bescheiden und Nachrichten zur Verf\u00fcgung.\u00a0Sie k\u00f6nnen also mit nur einem Nutzerkonto\u00a0jedes elektronische Antragsverfahren vollst\u00e4ndig abwickeln. Weitere Informationen zur BundID finden Sie\u00a0<a href=\"https:\/\/id.bund.de\/de\">hier\u00a0<\/a>(Bundesministerium des Innern und f\u00fcr Heimat).\u200b\u200b<\/p>\n\n\n\n<h3 class=\"wp-block-heading\">elektronischer Identit\u00e4tsnachweis (eID) mit dem Personalausweis<\/h3>\n\n\n\n<p>Da ein Antragsteller bei Nutzung eines Online-Dienstes nicht pers\u00f6nlich in der Beh\u00f6rde vorspricht, kann er nicht so einfach identifiziert werden. Um dem Missbrauch von \u00f6ffentlichen Leistungen vorzubeugen wird daher in der Regel die Authentifizierung mittels Online-Ausweisfunktion (eID)\u00a0verlangt. Sie ben\u00f6tigen hierf\u00fcr Ihren Personalausweis (Chipkarte), ihre pers\u00f6nliche PIN,\u00a0\u200bein geeignetes Smartphone\u200b\u200b oder ein Kartenleseger\u00e4t sowie eine geeignete Software, beispielsweise die AusweisApp2. Weitere Informationen erhalten Sie im\u00a0<a href=\"https:\/\/www.personalausweisportal.de\/Webs\/PA\/DE\/buergerinnen-und-buerger\/online-ausweisen\/online-ausweisen-node.html\">Personalausweisportal \u200b<\/a>(Bundesministerium des Innern und f\u00fcr Heimat).<\/p>\n\n\n\n<h3 class=\"wp-block-heading\">elektronische Bezahlm\u00f6glichkeiten (ePayment)<\/h3>\n\n\n\n<p>\u200bEinige Leistungen unserer Beh\u00f6rde sind geb\u00fchrenpflichtig. Sie k\u00f6nnen die geforderten Geb\u00fchren&nbsp;in der Regel direkt&nbsp;im Online-Dienst\u200b bezahlen. Dazu stehen Ihnen folgende Bezahlm\u00f6glichkeiten zur Verf\u00fcgung:\u200b<\/p>\n\n\n\n<ul class=\"wp-block-list\">\n<li><a href=\"https:\/\/www.paypal.com\/de\/home\">PayPal\u200b<\/a>\u200b\u200b<\/li>\n\n\n\n<li>Kreditkarte<\/li>\n<\/ul>\n\n\n\n<h3 class=\"wp-block-heading\">Unterst\u00fctzung bei der Online-Antragstellung\u200b<\/h3>\n\n\n\n<p>Sie haben\u00a0noch weitere Fragen zur Nutzung unserer Online-Dienste oder ben\u00f6tigen\u00a0Hilfe bei der Online-Antragstellung?<br>Nutzen Sie\u00a0bitte unser\u00a0<a href=\"https:\/\/lra-soemmerda.de\/?page_id=38\" data-type=\"page\" data-id=\"38\">Kontaktformular<\/a>\u00a0und w\u00e4hlen Sie &#8222;Unterst\u00fctzung bei Nutzung von Online-Diensten&#8220; als Anliegen aus.<\/p>\n\n\n\n<p><\/p>\n","protected":false},"excerpt":{"rendered":"<p>BundID-Konto Die BundID ist ein Nutzerkonto mit integriertem digitalen\u00a0Identit\u00e4tsverfahren. Es erm\u00f6glicht\u00a0B\u00fcrgerinnen und B\u00fcrgern, sich sicher und einfach bei verschiedenen Online-Diensten der \u00f6ffentlichen Verwaltung zu identifizieren. Au\u00dferdem steht im BundID-Konto ein Postfach zum\u00a0Empfang von Bescheiden und Nachrichten zur Verf\u00fcgung.\u00a0Sie k\u00f6nnen also mit nur einem Nutzerkonto\u00a0jedes elektronische Antragsverfahren vollst\u00e4ndig abwickeln. Weitere Informationen zur BundID finden Sie\u00a0hier\u00a0(Bundesministerium des [&hellip;]<\/p>\n","protected":false},"author":7,"featured_media":0,"parent":0,"menu_order":0,"comment_status":"closed","ping_status":"closed","template":"","meta":{"footnotes":""},"class_list":["post-125","page","type-page","status-publish","hentry"],"_links":{"self":[{"href":"https:\/\/www.lra-soemmerda.de\/index.php?rest_route=\/wp\/v2\/pages\/125","targetHints":{"allow":["GET"]}}],"collection":[{"href":"https:\/\/www.lra-soemmerda.de\/index.php?rest_route=\/wp\/v2\/pages"}],"about":[{"href":"https:\/\/www.lra-soemmerda.de\/index.php?rest_route=\/wp\/v2\/types\/page"}],"author":[{"embeddable":true,"href":"https:\/\/www.lra-soemmerda.de\/index.php?rest_route=\/wp\/v2\/users\/7"}],"replies":[{"embeddable":true,"href":"https:\/\/www.lra-soemmerda.de\/index.php?rest_route=%2Fwp%2Fv2%2Fcomments&post=125"}],"version-history":[{"count":1,"href":"https:\/\/www.lra-soemmerda.de\/index.php?rest_route=\/wp\/v2\/pages\/125\/revisions"}],"predecessor-version":[{"id":126,"href":"https:\/\/www.lra-soemmerda.de\/index.php?rest_route=\/wp\/v2\/pages\/125\/revisions\/126"}],"wp:attachment":[{"href":"https:\/\/www.lra-soemmerda.de\/index.php?rest_route=%2Fwp%2Fv2%2Fmedia&parent=125"}],"curies":[{"name":"wp","href":"https:\/\/api.w.org\/{rel}","templated":true}]}}