{"id":218,"date":"2026-03-24T09:52:28","date_gmt":"2026-03-24T08:52:28","guid":{"rendered":"https:\/\/lra-soemmerda.de\/?page_id=218"},"modified":"2026-04-16T08:14:05","modified_gmt":"2026-04-16T06:14:05","slug":"ausschreibungen","status":"publish","type":"page","link":"https:\/\/www.lra-soemmerda.de\/?page_id=218","title":{"rendered":"Ausschreibungen"},"content":{"rendered":"\n<div class=\"wp-block-columns alignwide is-layout-flex wp-container-core-columns-is-layout-28f84493 wp-block-columns-is-layout-flex\">\n<div class=\"wp-block-column is-layout-flow wp-block-column-is-layout-flow\">\n<p>Hier erhalten Sie einen \u00dcberblick \u00fcber die aktuellen Ausschreibungen, Bekanntmachungen und bereits vergebenen Auftr\u00e4ge des Landkreises S\u00f6mmerda.<\/p>\n\n\n\n<h3 class=\"wp-block-heading\">Vergabestelle<\/h3>\n\n\n\n<p>Bahnhofstra\u00dfe 9<br>99610 S\u00f6mmerda<br>Telefon: +49 3634 354-346 \/ -306<br>E-Mail:&nbsp;<a href=\"mailto:vergabe@lra-soemmerda.de\" target=\"_blank\" rel=\"noreferrer noopener\">vergabe@lra-soemmerda.de<\/a><\/p>\n\n\n\n<p>Seit dem 01.01.2020 erstreckt sich die Verpflichtung zur elektronischen Vergabe auch auf \u00f6ffentliche Auftr\u00e4ge unterhalb der europ\u00e4ischen Schwellenwerte. Aus diesem Grund ist der Landkreis S\u00f6mmerda als Auftraggeber auch im Rahmen kleinerer Auftr\u00e4ge grunds\u00e4tzlich verpflichtet,<\/p>\n\n\n\n<ul class=\"wp-block-list\">\n<li>die Vergabeunterlagen elektronisch zu ver\u00f6ffentlichen,<\/li>\n\n\n\n<li>die Kommunikation mit Bietern und Bewerbern elektronisch zu f\u00fchren und<\/li>\n\n\n\n<li>die elektronische Annahme von Angeboten zu erm\u00f6glichen.<\/li>\n<\/ul>\n\n\n\n<p>Hierzu f\u00fchrt der Landkreis S\u00f6mmerda das Vergabeverfahren vollst\u00e4ndig \u00fcber die Vergabeplattform<\/p>\n\n\n\n<figure class=\"wp-block-image size-full\"><a href=\"https:\/\/subreport.de\/evergabe\/subreport-elvis\/\" target=\"_blank\" rel=\"noreferrer noopener\"><img loading=\"lazy\" decoding=\"async\" width=\"183\" height=\"64\" src=\"https:\/\/lra-soemmerda.de\/wp-content\/uploads\/2026\/03\/Logo-Subreport.jpg\" alt=\"\" class=\"wp-image-225\"\/><\/a><\/figure>\n\n\n\n<p>durch. Die Vergabeunterlagen stehen dort unentgeltlich und uneingeschr\u00e4nkt zum Download bereit. Angebote k\u00f6nnen ganz bequem \u00fcber die Vergabeplattform online eingereicht und offene Fragen zu aktuellen Ausschreibungen gestellt werden.<\/p>\n\n\n\n<p>Die Er\u00f6ffnung findet ebenfalls online statt. Es ist nicht mehr erforderlich, zum Er\u00f6ffnungstermin anwesend zu sein. Die Angebote sind durch ein elektronisches Zeitschloss versehen, sodass diese erst mit Ablauf der genauen Angebotsfrist durch die Mitarbeiter der Vergabestelle ge\u00f6ffnet werden k\u00f6nnen.<\/p>\n\n\n\n<p>Die Submission findet auch beim elektronischen Vergabeverfahren unter Wahrung des \u201eVier-Augen-Prinzips\u201c statt, wobei eine exakte Protokollierung der Er\u00f6ffnung durch die Vergabeplattform erfolgt.<\/p>\n\n\n\n<p>Nach erfolgter Submission ist f\u00fcr alle Bieter die vollst\u00e4ndige Niederschrift, ohne Zeitverzug, direkt elektronisch abrufbar.<\/p>\n\n\n\n<p><strong>Ausf\u00fchrliche Erl\u00e4uterungen zur eVergabe-Plattform k\u00f6nnen den nachfolgenden Dokumenten entnommen werden:<\/strong><\/p>\n\n\n\n<ul class=\"wp-block-list\">\n<li>Download der Vergabeunterlagen&nbsp;<a href=\"https:\/\/lra-soemmerda.de\/wp-content\/uploads\/2026\/03\/Download-der-Vergabeunterlagen.pdf\" data-type=\"attachment\" data-id=\"221\" target=\"_blank\" rel=\"noreferrer noopener\">(Pdf)<\/a><\/li>\n\n\n\n<li>Angebotsabgabe mit qualifizierter Signatur und Softwarezertifikat und ohne Signatur&nbsp;<a href=\"https:\/\/lra-soemmerda.de\/wp-content\/uploads\/2026\/03\/Angebotsabgabe-mit-qualifizierter-Signatur-und-Softwarezertifikat-und-ohne-Signatur.pdf\" data-type=\"attachment\" data-id=\"220\" target=\"_blank\" rel=\"noreferrer noopener\">(Pdf)<\/a><\/li>\n\n\n\n<li>Qualifizierte Signatur und Fortgeschrittene Signatur&nbsp;<a href=\"https:\/\/lra-soemmerda.de\/wp-content\/uploads\/2026\/03\/Qualifizierte-Signatur-und-Fortgeschrittene-Signatur.pdf\" data-type=\"attachment\" data-id=\"226\" target=\"_blank\" rel=\"noreferrer noopener\">(Pdf)<\/a><\/li>\n\n\n\n<li>Erstellen, Versenden und Erhalten von Nachrichten&nbsp;<a href=\"https:\/\/lra-soemmerda.de\/wp-content\/uploads\/2026\/03\/Erstellen-Versenden-und-Erhalten-von-Nachrichten.pdf\" data-type=\"attachment\" data-id=\"224\" target=\"_blank\" rel=\"noreferrer noopener\">(Pdf)<\/a><\/li>\n\n\n\n<li>Einsicht in die Niederschrift&nbsp;<a href=\"https:\/\/lra-soemmerda.de\/wp-content\/uploads\/2026\/03\/Einsicht-in-die-Niederschrift.pdf\" data-type=\"attachment\" data-id=\"222\" target=\"_blank\" rel=\"noreferrer noopener\">(Pdf)<\/a><\/li>\n\n\n\n<li>Erhalt von Informations- und Absageschreiben&nbsp;<a href=\"https:\/\/lra-soemmerda.de\/wp-content\/uploads\/2026\/03\/Erhalt-von-Informations-und-Absageschreiben.pdf\" data-type=\"attachment\" data-id=\"223\" target=\"_blank\" rel=\"noreferrer noopener\">(Pdf)<\/a><\/li>\n\n\n\n<li>Zugriff auf bereits archivierte Vergabeunterlagen, Teilnahmewettbewerbe und Angebote&nbsp;<a href=\"https:\/\/lra-soemmerda.de\/wp-content\/uploads\/2026\/03\/Zugriff-auf-bereits-archivierte-Vergabeunterlagen-Teilnahmewettbewerbe-und-Angebote.pdf\" data-type=\"attachment\" data-id=\"227\" target=\"_blank\" rel=\"noreferrer noopener\">(Pdf)<\/a><\/li>\n<\/ul>\n\n\n\n<div style=\"height:13px\" aria-hidden=\"true\" class=\"wp-block-spacer\"><\/div>\n\n\n\n<h3 class=\"wp-block-heading\">Aktuelle Ausschreibungen des Landkreises S\u00f6mmerda<\/h3>\n\n\n\n<ul class=\"wp-block-list\">\n<li>02-2026:&nbsp;Bildungscampus Gebesee \u2013 Neubau Haus 2 und Sanierung der Bestandsgeb\u00e4ude Haus 1 und 3&nbsp;<a href=\"https:\/\/www.subreport.de\/E34999562\" target=\"_blank\" rel=\"noreferrer noopener\">(Link zur \u200bAusschreibung)<\/a><\/li>\n\n\n\n<li>05-2026: F\u00f6rderzentrum S\u00f6mmerda, Am Rothenbach 36 in 99610 S\u00f6mmerda <a href=\"https:\/\/www.subreport.de\/E79477133\" target=\"_blank\" rel=\"noreferrer noopener\">(Link zur Ausschreibung)<\/a><\/li>\n<\/ul>\n<\/div>\n<\/div>\n\n\n\n<p><\/p>\n","protected":false},"excerpt":{"rendered":"<p>Hier erhalten Sie einen \u00dcberblick \u00fcber die aktuellen Ausschreibungen, Bekanntmachungen und bereits vergebenen Auftr\u00e4ge des Landkreises S\u00f6mmerda. Vergabestelle Bahnhofstra\u00dfe 999610 S\u00f6mmerdaTelefon: +49 3634 354-346 \/ -306E-Mail:&nbsp;vergabe@lra-soemmerda.de Seit dem 01.01.2020 erstreckt sich die Verpflichtung zur elektronischen Vergabe auch auf \u00f6ffentliche Auftr\u00e4ge unterhalb der europ\u00e4ischen Schwellenwerte. Aus diesem Grund ist der Landkreis S\u00f6mmerda als Auftraggeber auch im [&hellip;]<\/p>\n","protected":false},"author":7,"featured_media":0,"parent":0,"menu_order":0,"comment_status":"closed","ping_status":"closed","template":"","meta":{"footnotes":""},"class_list":["post-218","page","type-page","status-publish","hentry"],"_links":{"self":[{"href":"https:\/\/www.lra-soemmerda.de\/index.php?rest_route=\/wp\/v2\/pages\/218","targetHints":{"allow":["GET"]}}],"collection":[{"href":"https:\/\/www.lra-soemmerda.de\/index.php?rest_route=\/wp\/v2\/pages"}],"about":[{"href":"https:\/\/www.lra-soemmerda.de\/index.php?rest_route=\/wp\/v2\/types\/page"}],"author":[{"embeddable":true,"href":"https:\/\/www.lra-soemmerda.de\/index.php?rest_route=\/wp\/v2\/users\/7"}],"replies":[{"embeddable":true,"href":"https:\/\/www.lra-soemmerda.de\/index.php?rest_route=%2Fwp%2Fv2%2Fcomments&post=218"}],"version-history":[{"count":3,"href":"https:\/\/www.lra-soemmerda.de\/index.php?rest_route=\/wp\/v2\/pages\/218\/revisions"}],"predecessor-version":[{"id":467,"href":"https:\/\/www.lra-soemmerda.de\/index.php?rest_route=\/wp\/v2\/pages\/218\/revisions\/467"}],"wp:attachment":[{"href":"https:\/\/www.lra-soemmerda.de\/index.php?rest_route=%2Fwp%2Fv2%2Fmedia&parent=218"}],"curies":[{"name":"wp","href":"https:\/\/api.w.org\/{rel}","templated":true}]}}