{"id":38,"date":"2026-03-19T07:38:12","date_gmt":"2026-03-19T07:38:12","guid":{"rendered":"https:\/\/lra-soemmerda.de\/?page_id=38"},"modified":"2026-03-25T11:49:30","modified_gmt":"2026-03-25T10:49:30","slug":"kontakt-zum-landratsamt-soemmerda","status":"publish","type":"page","link":"https:\/\/www.lra-soemmerda.de\/?page_id=38","title":{"rendered":"Kontakt zum Landratsamt S\u00f6mmerda"},"content":{"rendered":"\n<div class=\"wp-block-columns alignwide is-layout-flex wp-container-core-columns-is-layout-28f84493 wp-block-columns-is-layout-flex\">\n<div class=\"wp-block-column is-layout-flow wp-block-column-is-layout-flow\">\n<p>\u200bTelefon: +49 3634 354-0\u200b<br>E-Mail:&nbsp;<a href=\"mailto:poststelle@lra-soemmerda.de\">poststelle@lra-soemmerda.de<\/a><\/p>\n\n\n\n<p><\/p>\n\n\n\n<p><strong>Beachten Sie bitte&nbsp;die abweichenden Kontaktdaten f\u00fcr den Empfang&nbsp;von&nbsp;E-Rechnungen\u200b.\u200b<\/strong> Wir akzeptieren die Standards xRechnung sowie ZUGFeRD ab Version 2.0. F\u00fcr die \u00dcbermittlung verwenden Sie bitte ausschlie\u00dflich das Postfach <a href=\"mailto:rechnung@lra-soemmerda.de\">rechnung@lra-soemmerda.de<\/a>. Alternativ k\u00f6nnen Sie uns im E-Rechnungsportal <a href=\"https:\/\/xrechnung-bdr.de\">https:\/\/xrechnung-bdr.de<\/a> \u00fcber die <strong>Leitweg-ID 16068000-0001-87<\/strong> erreichen.<\/p>\n\n\n\n<p><\/p>\n\n\n\n<p><strong>M\u00f6chten Sie uns verschl\u00fcsselte Nachrichten senden, nutzen Sie bitte die Kontaktm\u00f6glichkeit \u00fcber unser besonderes elektronisches Beh\u00f6rdenpostfach (beBPo)<\/strong>. Sie k\u00f6nnen hierzu ein&nbsp;elektronisches B\u00fcrger- und Organisationenpostfach (eBO)&nbsp;\u200bnutzen. Weitere Informationen finden Sie im <a href=\"https:\/\/justiz.de\/ervvoe\/textordner_fuer_buerger\/index.php%3bjsessionid=F0C0F16050794FBE32204977CF3A6F7F\">Justizportal des Bundes und der L\u00e4nder<\/a>.<\/p>\n\n\n\n<p><\/p>\n\n\n\n<p><strong>Zul\u00e4ssige Dateitypen f\u00fcr den Datenaustausch mit unserer Beh\u00f6rde:<\/strong><\/p>\n\n\n\n<p>Wenn Sie unseren Bediensteten&nbsp;einzelne Dateien&nbsp;zusenden m\u00f6chten, akzeptieren wir&nbsp;die folgenden Dateiformate:<\/p>\n\n\n\n<ul class=\"wp-block-list\">\n<li>Textbasierte Formate: txt, csv, log<\/li>\n\n\n\n<li>Dokumentenformate: pdf, docx, rtf, xlsx, pptx, ppsx<\/li>\n\n\n\n<li>Bildformate: jpg, jpeg, png, tiff<\/li>\n\n\n\n<li>Sonstige: xml, json, zip, eml, msg, p7s<\/li>\n<\/ul>\n\n\n\n<p>Falls Sie Dateien zum Download f\u00fcr unsere Bediensteten bereitstellen m\u00f6chten, sind zus\u00e4tzlich zu den zuvor genannten Dateiformaten auch die folgenden Formate zugelassen:<\/p>\n\n\n\n<ul class=\"wp-block-list\">\n<li>Bildformate: svg, eps<\/li>\n\n\n\n<li>Audioformate: mp3, wav, m4a, mp4<\/li>\n\n\n\n<li>Programmdateien: gpx, indd, ai, cdr<\/li>\n\n\n\n<li>Sonstige: per, asc, pfx<\/li>\n<\/ul>\n\n\n\n<p>F\u00fcr die \u00dcbermittlung vollst\u00e4ndiger&nbsp;Akten nutzen&nbsp;Sie bitte ausschlie\u00dflich die Dateiformate pdf oder tiff.\u200b<\/p>\n\n\n\n<p>Der Absender entsprechender elektronischer Nachrichten hat ggf. durch Konvertierung daf\u00fcr Sorge zu tragen, dass die an uns \u00fcbermittelten Dateien den oben genannten Formaten entsprechen.<\/p>\n\n\n\n<p><strong>F\u00fcr die Einhaltung datenschutzrechtlicher Anforderungen ist ausschlie\u00dflich&nbsp;der Absender&nbsp;einer&nbsp;Nachricht&nbsp;verantwortlich.<\/strong><\/p>\n\n\n\n<p><\/p>\n<\/div>\n<\/div>\n\n\n\n<div class=\"wp-block-columns is-layout-flex wp-container-core-columns-is-layout-28f84493 wp-block-columns-is-layout-flex\">\n<div class=\"wp-block-column is-layout-flow wp-block-column-is-layout-flow\">\n<h4 class=\"wp-block-heading\">Kontaktformular\u200b<\/h4>\n\n\n\n<p>Haben Sie noch&nbsp;nicht die ben\u00f6tigten Informationen&nbsp;gefunden oder w\u00fcnschen Sie einen R\u00fcckruf? Gern k\u00f6nnen Sie unser Kontaktformular nutzen, um eine Anfrage zu senden.<\/p>\n\n\n\n<p><strong>Mit dem Absenden des folgenden&nbsp;Formulars erkl\u00e4ren Sie si\u200bch mit unseren&nbsp;<a href=\"https:\/\/lra-soemmerda.de\/?page_id=61\" data-type=\"page\" data-id=\"61\">Datenschutzbestimmung\u200ben<\/a>\u200b&nbsp;einverstanden.\u200b<\/strong><\/p>\n<\/div>\n<\/div>\n\n\n<style id=\"wpforms-css-vars-115-block-a2a042e5-0a59-4368-910a-390065ac7350\">\n\t\t\t\t#wpforms-115.wpforms-block-a2a042e5-0a59-4368-910a-390065ac7350 {\n\t\t\t\t--wpforms-field-size-input-height: 43px;\n--wpforms-field-size-input-spacing: 15px;\n--wpforms-field-size-font-size: 16px;\n--wpforms-field-size-line-height: 19px;\n--wpforms-field-size-padding-h: 14px;\n--wpforms-field-size-checkbox-size: 16px;\n--wpforms-field-size-sublabel-spacing: 5px;\n--wpforms-field-size-icon-size: 1;\n--wpforms-label-size-font-size: 16px;\n--wpforms-label-size-line-height: 19px;\n--wpforms-label-size-sublabel-font-size: 14px;\n--wpforms-label-size-sublabel-line-height: 17px;\n--wpforms-button-size-font-size: 17px;\n--wpforms-button-size-height: 41px;\n--wpforms-button-size-padding-h: 15px;\n--wpforms-button-size-margin-top: 10px;\n\t\t\t}\n\t\t\t<\/style><div class=\"wpforms-container wpforms-container-full wpforms-block wpforms-block-a2a042e5-0a59-4368-910a-390065ac7350 wpforms-render-modern\" id=\"wpforms-115\"><form id=\"wpforms-form-115\" class=\"wpforms-validate wpforms-form wpforms-ajax-form\" data-formid=\"115\" method=\"post\" enctype=\"multipart\/form-data\" action=\"\/index.php?rest_route=%2Fwp%2Fv2%2Fpages%2F38\" data-token=\"7086b83cf547d370b07e43c2fb86d979\" data-token-time=\"1776376458\"><noscript class=\"wpforms-error-noscript\">Bitte aktivieren Sie JavaScript in Ihrem Browser, um dieses Formular fertigzustellen.<\/noscript><div id=\"wpforms-error-noscript\" style=\"display: none;\">Bitte aktivieren Sie JavaScript in Ihrem Browser, um dieses Formular fertigzustellen.<\/div><div class=\"wpforms-field-container\"><div id=\"wpforms-115-field_4-container\" class=\"wpforms-field wpforms-field-text\" data-field-id=\"4\"><label class=\"wpforms-field-label\" for=\"wpforms-115-field_4\">Anrede<\/label><input type=\"text\" id=\"wpforms-115-field_4\" class=\"wpforms-field-medium\" name=\"wpforms[fields][4]\" aria-errormessage=\"wpforms-115-field_4-error\" ><\/div><div id=\"wpforms-115-field_1-container\" class=\"wpforms-field wpforms-field-name\" data-field-id=\"1\"><fieldset><legend class=\"wpforms-field-label\">Name <span class=\"wpforms-required-label\" aria-hidden=\"true\">*<\/span><\/legend><div class=\"wpforms-field-row wpforms-field-medium\"><div class=\"wpforms-field-row-block wpforms-first wpforms-one-half\"><input type=\"text\" id=\"wpforms-115-field_1\" class=\"wpforms-field-name-first wpforms-field-required\" name=\"wpforms[fields][1][first]\" aria-errormessage=\"wpforms-115-field_1-error\" required><label for=\"wpforms-115-field_1\" class=\"wpforms-field-sublabel after\">Vorname<\/label><\/div><div class=\"wpforms-field-row-block wpforms-one-half\"><input type=\"text\" id=\"wpforms-115-field_1-last\" class=\"wpforms-field-name-last wpforms-field-required\" name=\"wpforms[fields][1][last]\" aria-errormessage=\"wpforms-115-field_1-last-error\" required><label for=\"wpforms-115-field_1-last\" class=\"wpforms-field-sublabel after\">Nachname<\/label><\/div><\/div><\/fieldset><\/div><div id=\"wpforms-115-field_5-container\" class=\"wpforms-field wpforms-field-number\" data-field-id=\"5\"><label class=\"wpforms-field-label\" for=\"wpforms-115-field_5\">Telefon <span class=\"wpforms-required-label\" aria-hidden=\"true\">*<\/span><\/label><input type=\"number\" id=\"wpforms-115-field_5\" class=\"wpforms-field-medium wpforms-field-required\" name=\"wpforms[fields][5]\" step=\"any\" aria-errormessage=\"wpforms-115-field_5-error\" required><\/div><div id=\"wpforms-115-field_2-container\" class=\"wpforms-field wpforms-field-email\" data-field-id=\"2\"><label class=\"wpforms-field-label\" for=\"wpforms-115-field_2\">E-Mail<\/label><input type=\"email\" id=\"wpforms-115-field_2\" class=\"wpforms-field-medium\" name=\"wpforms[fields][2]\" spellcheck=\"false\" aria-errormessage=\"wpforms-115-field_2-error\" ><\/div><div id=\"wpforms-115-field_7-container\" class=\"wpforms-field wpforms-field-select wpforms-field-select-style-classic\" data-field-id=\"7\"><label class=\"wpforms-field-label\" for=\"wpforms-115-field_7\">Anliegen<\/label><select id=\"wpforms-115-field_7\" class=\"wpforms-field-medium\" name=\"wpforms[fields][7]\"><option value=\"Allgemeine Anfrage\"  class=\"choice-2 depth-1\"  >Allgemeine Anfrage<\/option><option value=\"Anfordern von Unterlagen\"  class=\"choice-3 depth-1\"  >Anfordern von Unterlagen<\/option><option value=\"Barrierefreiheit\"  class=\"choice-4 depth-1\"  >Barrierefreiheit<\/option><option value=\"Idee - Anregung - Beschwerde\"  class=\"choice-5 depth-1\"  >Idee &#8211; Anregung &#8211; Beschwerde<\/option><option value=\"R\u00fcckfrage zu einem Vorgang\"  class=\"choice-6 depth-1\"  >R\u00fcckfrage zu einem Vorgang<\/option><option value=\"Technische St\u00f6rung\"  class=\"choice-7 depth-1\"  >Technische St\u00f6rung<\/option><option value=\"Unterst\u00fctzung bei Nutzung von Online-Diensten\"  class=\"choice-8 depth-1\"  >Unterst\u00fctzung bei Nutzung von Online-Diensten<\/option><option value=\"Vereinbarung Gespr\u00e4chstermin\"  class=\"choice-9 depth-1\"  >Vereinbarung Gespr\u00e4chstermin<\/option><\/select><\/div><div id=\"wpforms-115-field_3-container\" class=\"wpforms-field wpforms-field-textarea\" data-field-id=\"3\"><label class=\"wpforms-field-label\" for=\"wpforms-115-field_3\">Nachricht <span class=\"wpforms-required-label\" aria-hidden=\"true\">*<\/span><\/label><textarea id=\"wpforms-115-field_3\" class=\"wpforms-field-medium wpforms-field-required\" name=\"wpforms[fields][3]\" aria-errormessage=\"wpforms-115-field_3-error\" required><\/textarea><\/div>\t\t<div id=\"wpforms-115-field_6-container\"\n\t\t\tclass=\"wpforms-field wpforms-field-text\"\n\t\t\tdata-field-type=\"text\"\n\t\t\tdata-field-id=\"6\"\n\t\t\t>\n\t\t\t<label class=\"wpforms-field-label\" for=\"wpforms-115-field_6\" >Checkboxen E-Mail Name<\/label>\n\t\t\t<input type=\"text\" id=\"wpforms-115-field_6\" class=\"wpforms-field-medium\" name=\"wpforms[fields][6]\" >\n\t\t<\/div>\n\t\t<div id=\"wpforms-115-field_8-container\" class=\"wpforms-field wpforms-field-checkbox\" data-field-id=\"8\"><fieldset><legend class=\"wpforms-field-label wpforms-label-hide\" aria-hidden=\"false\">Checkboxen<\/legend><ul id=\"wpforms-115-field_8\"><li class=\"choice-1 depth-1\"><input type=\"checkbox\" id=\"wpforms-115-field_8_1\" name=\"wpforms[fields][8][]\" value=\"ich m\u00f6chte zur\u00fcckgerufen werden\" aria-errormessage=\"wpforms-115-field_8_1-error\"  ><label class=\"wpforms-field-label-inline\" for=\"wpforms-115-field_8_1\">ich m\u00f6chte zur\u00fcckgerufen werden<\/label><\/li><\/ul><\/fieldset><\/div><script>\n\t\t\t\t( function() {\n\t\t\t\t\tconst style = document.createElement( 'style' );\n\t\t\t\t\tstyle.appendChild( document.createTextNode( '#wpforms-115-field_6-container { position: absolute !important; overflow: hidden !important; display: inline !important; height: 1px !important; width: 1px !important; z-index: -1000 !important; padding: 0 !important; } #wpforms-115-field_6-container input { visibility: hidden; } #wpforms-conversational-form-page #wpforms-115-field_6-container label { counter-increment: none; }' ) );\n\t\t\t\t\tdocument.head.appendChild( style );\n\t\t\t\t\tdocument.currentScript?.remove();\n\t\t\t\t} )();\n\t\t\t<\/script><\/div><!-- .wpforms-field-container --><div class=\"wpforms-recaptcha-container wpforms-is-hcaptcha\" ><div class=\"h-captcha\" data-sitekey=\"3ba22704-1f46-4b30-b41e-0a3e1da27380\"><\/div><input type=\"text\" name=\"g-recaptcha-hidden\" class=\"wpforms-recaptcha-hidden\" style=\"position:absolute!important;clip:rect(0,0,0,0)!important;height:1px!important;width:1px!important;border:0!important;overflow:hidden!important;padding:0!important;margin:0!important;\" data-rule-hcaptcha=\"1\"><\/div><div class=\"wpforms-submit-container\" ><input type=\"hidden\" name=\"wpforms[id]\" value=\"115\"><input type=\"hidden\" name=\"page_title\" value=\"\"><input type=\"hidden\" name=\"page_url\" value=\"https:\/\/www.lra-soemmerda.de\/index.php?rest_route=\/wp\/v2\/pages\/38\"><input type=\"hidden\" name=\"url_referer\" value=\"\"><button type=\"submit\" name=\"wpforms[submit]\" id=\"wpforms-submit-115\" class=\"wpforms-submit\" data-alt-text=\"Senden\u2026\" data-submit-text=\"Absenden\" aria-live=\"assertive\" value=\"wpforms-submit\">Absenden<\/button><img loading=\"lazy\" decoding=\"async\" src=\"https:\/\/www.lra-soemmerda.de\/wp-content\/plugins\/wpforms-lite\/assets\/images\/submit-spin.svg\" class=\"wpforms-submit-spinner\" style=\"display: none;\" width=\"26\" height=\"26\" alt=\"Wird geladen\"><\/div><\/form><\/div>  <!-- .wpforms-container -->","protected":false},"excerpt":{"rendered":"<p>\u200bTelefon: +49 3634 354-0\u200bE-Mail:&nbsp;poststelle@lra-soemmerda.de Beachten Sie bitte&nbsp;die abweichenden Kontaktdaten f\u00fcr den Empfang&nbsp;von&nbsp;E-Rechnungen\u200b.\u200b Wir akzeptieren die Standards xRechnung sowie ZUGFeRD ab Version 2.0. F\u00fcr die \u00dcbermittlung verwenden Sie bitte ausschlie\u00dflich das Postfach rechnung@lra-soemmerda.de. Alternativ k\u00f6nnen Sie uns im E-Rechnungsportal https:\/\/xrechnung-bdr.de \u00fcber die Leitweg-ID 16068000-0001-87 erreichen. M\u00f6chten Sie uns verschl\u00fcsselte Nachrichten senden, nutzen Sie bitte die Kontaktm\u00f6glichkeit [&hellip;]<\/p>\n","protected":false},"author":7,"featured_media":0,"parent":0,"menu_order":0,"comment_status":"closed","ping_status":"closed","template":"","meta":{"footnotes":""},"class_list":["post-38","page","type-page","status-publish","hentry"],"_links":{"self":[{"href":"https:\/\/www.lra-soemmerda.de\/index.php?rest_route=\/wp\/v2\/pages\/38","targetHints":{"allow":["GET"]}}],"collection":[{"href":"https:\/\/www.lra-soemmerda.de\/index.php?rest_route=\/wp\/v2\/pages"}],"about":[{"href":"https:\/\/www.lra-soemmerda.de\/index.php?rest_route=\/wp\/v2\/types\/page"}],"author":[{"embeddable":true,"href":"https:\/\/www.lra-soemmerda.de\/index.php?rest_route=\/wp\/v2\/users\/7"}],"replies":[{"embeddable":true,"href":"https:\/\/www.lra-soemmerda.de\/index.php?rest_route=%2Fwp%2Fv2%2Fcomments&post=38"}],"version-history":[{"count":6,"href":"https:\/\/www.lra-soemmerda.de\/index.php?rest_route=\/wp\/v2\/pages\/38\/revisions"}],"predecessor-version":[{"id":174,"href":"https:\/\/www.lra-soemmerda.de\/index.php?rest_route=\/wp\/v2\/pages\/38\/revisions\/174"}],"wp:attachment":[{"href":"https:\/\/www.lra-soemmerda.de\/index.php?rest_route=%2Fwp%2Fv2%2Fmedia&parent=38"}],"curies":[{"name":"wp","href":"https:\/\/api.w.org\/{rel}","templated":true}]}}