{"id":81,"date":"2026-03-19T17:11:42","date_gmt":"2026-03-19T17:11:42","guid":{"rendered":"https:\/\/lra-soemmerda.de\/?page_id=81"},"modified":"2026-03-19T17:11:42","modified_gmt":"2026-03-19T17:11:42","slug":"wo-sie-uns-finden-unsere-verwaltungsstandorte-im-ueberblick","status":"publish","type":"page","link":"https:\/\/www.lra-soemmerda.de\/?page_id=81","title":{"rendered":"Wo Sie uns finden &#8211; unsere Verwaltungsstandorte im \u00dcberblick\u200b"},"content":{"rendered":"\n<div class=\"wp-block-group alignwide has-global-padding is-layout-constrained wp-block-group-is-layout-constrained\">\n<div class=\"wp-block-columns is-layout-flex wp-container-core-columns-is-layout-28f84493 wp-block-columns-is-layout-flex\">\n<div class=\"wp-block-column is-layout-flow wp-block-column-is-layout-flow\">\n<h3 class=\"wp-block-heading\">Hauptverwaltung<\/h3>\n\n\n\n<p><strong>Postanschrift<br><\/strong>Landratsamt S\u00f6mmerda<br>Postfach 1215<br>99601 S\u00f6mmerda<\/p>\n\n\n\n<p>\u200b<strong>Besucheradressen<\/strong><\/p>\n\n\n\n<p><em>Haus 1<br><\/em>Bahnhofstra\u00dfe 9<br>99610 S\u00f6mmerda<br><br><em>Haus 2<\/em><br>Wielandstra\u00dfe 4<br>99610 S\u00f6mmerda<\/p>\n<\/div>\n\n\n\n<div class=\"wp-block-column is-layout-flow wp-block-column-is-layout-flow\">\n<h3 class=\"wp-block-heading\">Au\u00dfenstellen<\/h3>\n\n\n\n<p>\u200b<strong>Kreisvolkshochschule<\/strong><\/p>\n\n\n\n<p>Rheinmetallstra\u00dfe 2<br>99610 S\u00f6mmerda\u200b<\/p>\n\n\n\n<p><strong>\u200b\u200bBrand- und Katastrophenschutz<\/strong><\/p>\n\n\n\n<p>Rheinmetallstra\u00dfe 18a<br>99610 S\u00f6mmerda\u200b<\/p>\n\n\n\n<p>\u200b<strong>Kreisarchiv<\/strong><\/p>\n\n\n\n<p>Rheinmetallstra\u00dfe&nbsp;9<br>99610 S\u00f6mmerda\u200b<\/p>\n\n\n\n<p>\u200b<\/p>\n<\/div>\n<\/div>\n<\/div>\n\n\n\n<p><\/p>\n","protected":false},"excerpt":{"rendered":"<p>Hauptverwaltung PostanschriftLandratsamt S\u00f6mmerdaPostfach 121599601 S\u00f6mmerda \u200bBesucheradressen Haus 1Bahnhofstra\u00dfe 999610 S\u00f6mmerda Haus 2Wielandstra\u00dfe 499610 S\u00f6mmerda Au\u00dfenstellen \u200bKreisvolkshochschule Rheinmetallstra\u00dfe 299610 S\u00f6mmerda\u200b \u200b\u200bBrand- und Katastrophenschutz Rheinmetallstra\u00dfe 18a99610 S\u00f6mmerda\u200b \u200bKreisarchiv Rheinmetallstra\u00dfe&nbsp;999610 S\u00f6mmerda\u200b \u200b<\/p>\n","protected":false},"author":1,"featured_media":0,"parent":0,"menu_order":0,"comment_status":"closed","ping_status":"closed","template":"","meta":{"footnotes":""},"class_list":["post-81","page","type-page","status-publish","hentry"],"_links":{"self":[{"href":"https:\/\/www.lra-soemmerda.de\/index.php?rest_route=\/wp\/v2\/pages\/81","targetHints":{"allow":["GET"]}}],"collection":[{"href":"https:\/\/www.lra-soemmerda.de\/index.php?rest_route=\/wp\/v2\/pages"}],"about":[{"href":"https:\/\/www.lra-soemmerda.de\/index.php?rest_route=\/wp\/v2\/types\/page"}],"author":[{"embeddable":true,"href":"https:\/\/www.lra-soemmerda.de\/index.php?rest_route=\/wp\/v2\/users\/1"}],"replies":[{"embeddable":true,"href":"https:\/\/www.lra-soemmerda.de\/index.php?rest_route=%2Fwp%2Fv2%2Fcomments&post=81"}],"version-history":[{"count":1,"href":"https:\/\/www.lra-soemmerda.de\/index.php?rest_route=\/wp\/v2\/pages\/81\/revisions"}],"predecessor-version":[{"id":82,"href":"https:\/\/www.lra-soemmerda.de\/index.php?rest_route=\/wp\/v2\/pages\/81\/revisions\/82"}],"wp:attachment":[{"href":"https:\/\/www.lra-soemmerda.de\/index.php?rest_route=%2Fwp%2Fv2%2Fmedia&parent=81"}],"curies":[{"name":"wp","href":"https:\/\/api.w.org\/{rel}","templated":true}]}}