{"id":84,"date":"2026-03-19T17:17:37","date_gmt":"2026-03-19T17:17:37","guid":{"rendered":"https:\/\/lra-soemmerda.de\/?page_id=84"},"modified":"2026-03-25T11:50:30","modified_gmt":"2026-03-25T10:50:30","slug":"terminvereinbarungen","status":"publish","type":"page","link":"https:\/\/www.lra-soemmerda.de\/?page_id=84","title":{"rendered":"Terminvereinbarungen"},"content":{"rendered":"\n<div class=\"wp-block-columns alignwide is-layout-flex wp-container-core-columns-is-layout-28f84493 wp-block-columns-is-layout-flex\">\n<div class=\"wp-block-column is-layout-flow wp-block-column-is-layout-flow\">\n<p>Derzeit k\u00f6nnen Termine online nur f\u00fcr die&nbsp;<strong>Kfz-Zulassungsbeh\u00f6rde&nbsp;<\/strong>sowie die&nbsp;<strong>Fahrerlaubnisbeh\u00f6rde<\/strong>&nbsp;vereinbart werden.&nbsp;<\/p>\n\n\n\n<p>Wir arbeiten daran, dieses Angebot weiter auszubauen. Bis zum Abschluss dieser Vorarbeiten bitten wir Sie, zur Terminvereinbarung\u00a0mit anderen \u00c4mtern unser\u00a0<a href=\"https:\/\/lra-soemmerda.de\/?page_id=38\">Kontaktformular<\/a> zu nutzen.\u00a0<br><\/p>\n\n\n\n<h4 class=\"wp-block-heading\">Online-Terminbuchung<\/h4>\n\n\n\n<p>\u200bTermine vereinbaren Sie bitte \u00fcber diesen&nbsp;<a href=\"https:\/\/lk-soemmerda.termine-reservieren.online\/\"><strong>L\u200bink\u200b<\/strong><\/a>.\u200b&nbsp;<br><em><strong><br>Bitte beachten Sie bei der Terminbuchung:<\/strong><\/em><\/p>\n\n\n\n<p>Nachdem Sie einen&nbsp;<strong>Termin ausgew\u00e4hlt<\/strong>&nbsp;haben, erhalten Sie zun\u00e4chst eine E-Mail (Terminreservierung) mit einem Link. Um Ihren Termin abschlie\u00dfend zu buchen, m\u00fcssen Sie&nbsp;innerhalb von&nbsp;2 Stunden&nbsp;diesen&nbsp;<strong>Link bet\u00e4tigen<\/strong>. Im Anschluss erhalten Sie eine E-Mail mit der&nbsp;<strong>Buchungsbest\u00e4tigung&nbsp;<\/strong>und Ihrer&nbsp;<strong>Terminnummer<\/strong>. Mit dieser Nummer melden Sie sich dann am Tag Ihres Termins in der Kfz-Zulassungsbeh\u00f6rde bzw. Fahrerlaubnisbeh\u00f6rde am Terminal im Foyer des Landratsamts (Wielandstra\u00dfe 4) an.<br><\/p>\n\n\n\n<p class=\"has-text-align-center\"><strong>+++ So funktioniert\u2019s +++<\/strong><\/p>\n\n\n\n<p class=\"has-text-align-center\"><strong>Termin ausw\u00e4hlen&nbsp;-&gt;&nbsp;Termin buchen: innerhalb von&nbsp;2 Stunden Link bet\u00e4tigen&nbsp;-&gt;&nbsp;Buchungsbest\u00e4tigung&nbsp;mit Terminnummer&nbsp;-&gt;&nbsp;Terminnummer am Terminal eingeben und anmelden<\/strong><\/p>\n<\/div>\n<\/div>\n","protected":false},"excerpt":{"rendered":"<p>Derzeit k\u00f6nnen Termine online nur f\u00fcr die&nbsp;Kfz-Zulassungsbeh\u00f6rde&nbsp;sowie die&nbsp;Fahrerlaubnisbeh\u00f6rde&nbsp;vereinbart werden.&nbsp; Wir arbeiten daran, dieses Angebot weiter auszubauen. Bis zum Abschluss dieser Vorarbeiten bitten wir Sie, zur Terminvereinbarung\u00a0mit anderen \u00c4mtern unser\u00a0Kontaktformular zu nutzen.\u00a0 Online-Terminbuchung \u200bTermine vereinbaren Sie bitte \u00fcber diesen&nbsp;L\u200bink\u200b.\u200b&nbsp;Bitte beachten Sie bei der Terminbuchung: Nachdem Sie einen&nbsp;Termin ausgew\u00e4hlt&nbsp;haben, erhalten Sie zun\u00e4chst eine E-Mail (Terminreservierung) mit einem [&hellip;]<\/p>\n","protected":false},"author":7,"featured_media":0,"parent":0,"menu_order":0,"comment_status":"closed","ping_status":"closed","template":"","meta":{"footnotes":""},"class_list":["post-84","page","type-page","status-publish","hentry"],"_links":{"self":[{"href":"https:\/\/www.lra-soemmerda.de\/index.php?rest_route=\/wp\/v2\/pages\/84","targetHints":{"allow":["GET"]}}],"collection":[{"href":"https:\/\/www.lra-soemmerda.de\/index.php?rest_route=\/wp\/v2\/pages"}],"about":[{"href":"https:\/\/www.lra-soemmerda.de\/index.php?rest_route=\/wp\/v2\/types\/page"}],"author":[{"embeddable":true,"href":"https:\/\/www.lra-soemmerda.de\/index.php?rest_route=\/wp\/v2\/users\/7"}],"replies":[{"embeddable":true,"href":"https:\/\/www.lra-soemmerda.de\/index.php?rest_route=%2Fwp%2Fv2%2Fcomments&post=84"}],"version-history":[{"count":3,"href":"https:\/\/www.lra-soemmerda.de\/index.php?rest_route=\/wp\/v2\/pages\/84\/revisions"}],"predecessor-version":[{"id":232,"href":"https:\/\/www.lra-soemmerda.de\/index.php?rest_route=\/wp\/v2\/pages\/84\/revisions\/232"}],"wp:attachment":[{"href":"https:\/\/www.lra-soemmerda.de\/index.php?rest_route=%2Fwp%2Fv2%2Fmedia&parent=84"}],"curies":[{"name":"wp","href":"https:\/\/api.w.org\/{rel}","templated":true}]}}