{"id":93,"date":"2026-03-19T17:53:21","date_gmt":"2026-03-19T17:53:21","guid":{"rendered":"https:\/\/lra-soemmerda.de\/?page_id=93"},"modified":"2026-04-16T15:12:13","modified_gmt":"2026-04-16T13:12:13","slug":"amtliche-bekanntmachungen","status":"publish","type":"page","link":"https:\/\/www.lra-soemmerda.de\/?page_id=93","title":{"rendered":"\u200b\u200b\u200b\u200bAmtliche Bekanntmachungen"},"content":{"rendered":"\n<div class=\"wp-block-columns alignwide is-layout-flex wp-container-core-columns-is-layout-28f84493 wp-block-columns-is-layout-flex\">\n<div class=\"wp-block-column is-layout-flow wp-block-column-is-layout-flow\">\n<p>An dieser Stelle ver\u00f6ffentlichen wir&nbsp;unsere amtlichen&nbsp;Bekanntmachungen &#8211; sozusagen unser &#8222;Digitaler Aushang&#8220;.<\/p>\n\n\n\n<p>Die Dokumente werden zum Herunterladen im PDF-Format&nbsp;zur Verf\u00fcgung gestellt.<\/p>\n\n\n\n<h4 class=\"wp-block-heading\">Neueste Bekanntmachungen<\/h4>\n\n\n\n<div class=\"wp-block-columns is-layout-flex wp-container-core-columns-is-layout-28f84493 wp-block-columns-is-layout-flex\">\n<div class=\"wp-block-column is-vertically-aligned-center is-layout-flow wp-block-column-is-layout-flow\" style=\"flex-basis:25%\">\n<p>16.04.2026<\/p>\n<\/div>\n\n\n\n<div class=\"wp-block-column is-layout-flow wp-block-column-is-layout-flow\" style=\"flex-basis:50%\">\n<p>Allgemeinverf\u00fcgung zur Aufhebung der aufgrund des Ausbruchs der<br>hochpathogenen Avi\u00e4ren Influenza bei Gefl\u00fcgel eingerichteten \u00dcberwachungszone<\/p>\n<\/div>\n\n\n\n<div class=\"wp-block-column is-vertically-aligned-center is-layout-flow wp-block-column-is-layout-flow\" style=\"flex-basis:25%\">\n<div class=\"wp-block-buttons is-layout-flex wp-block-buttons-is-layout-flex\">\n<div class=\"wp-block-button\"><a class=\"wp-block-button__link wp-element-button\" href=\"https:\/\/www.lra-soemmerda.de\/wp-content\/uploads\/2026\/04\/2026-04-16_Aufhebung-Allgemeinverfuegung-Ueberwachungszone-zum-Schutz-gegen-die-Gefluegelpest.pdf\">PDF<\/a><\/div>\n<\/div>\n<\/div>\n<\/div>\n\n\n\n<div class=\"wp-block-columns is-layout-flex wp-container-core-columns-is-layout-28f84493 wp-block-columns-is-layout-flex\">\n<div class=\"wp-block-column is-vertically-aligned-center is-layout-flow wp-block-column-is-layout-flow\" style=\"flex-basis:25%\">\n<p>07.04.2026<\/p>\n<\/div>\n\n\n\n<div class=\"wp-block-column is-layout-flow wp-block-column-is-layout-flow\" style=\"flex-basis:50%\">\n<p>Allgemeinverf\u00fcgung zur Aufhebung der aufgrund des Ausbruchs der<br>hochpathogenen Avi\u00e4ren Influenza bei Gefl\u00fcgel eingerichteten Schutzzone<\/p>\n<\/div>\n\n\n\n<div class=\"wp-block-column is-vertically-aligned-center is-layout-flow wp-block-column-is-layout-flow\" style=\"flex-basis:25%\">\n<div class=\"wp-block-buttons is-layout-flex wp-block-buttons-is-layout-flex\">\n<div class=\"wp-block-button\"><a class=\"wp-block-button__link wp-element-button\" href=\"https:\/\/www.lra-soemmerda.de\/wp-content\/uploads\/2026\/04\/2026-04-07_Aufhebung-Allgemeinverfuegung-Schutz-und-Ueberwachungszone-zum-Schutz-gegen-die-Gefluegelpest.pdf\">PDF<\/a><\/div>\n<\/div>\n<\/div>\n<\/div>\n\n\n\n<div class=\"wp-block-columns is-layout-flex wp-container-core-columns-is-layout-28f84493 wp-block-columns-is-layout-flex\">\n<div class=\"wp-block-column is-vertically-aligned-center is-layout-flow wp-block-column-is-layout-flow\" style=\"flex-basis:25%\">\n<p>02.04.2026<\/p>\n<\/div>\n\n\n\n<div class=\"wp-block-column is-layout-flow wp-block-column-is-layout-flow\" style=\"flex-basis:50%\">\n<p>Informationen zu Verst\u00f6\u00dfen gegen das Lebensmittel- und Futtermittelrecht im Landkreis S\u00f6mmerda: Verdacht auf Verst\u00f6\u00dfe gem\u00e4\u00df \u00a7 40 Abs. 1a Nr. 3 LFGB<\/p>\n<\/div>\n\n\n\n<div class=\"wp-block-column is-vertically-aligned-center is-layout-flow wp-block-column-is-layout-flow\" style=\"flex-basis:25%\">\n<div class=\"wp-block-buttons is-layout-flex wp-block-buttons-is-layout-flex\">\n<div class=\"wp-block-button\"><a class=\"wp-block-button__link wp-element-button\" href=\"https:\/\/lra-soemmerda.de\/wp-content\/uploads\/2026\/04\/Verstoesse-gemaess-40-Abs-1a-Nr.-3.pdf\">PDF<\/a><\/div>\n<\/div>\n<\/div>\n<\/div>\n\n\n\n<div class=\"wp-block-columns is-layout-flex wp-container-core-columns-is-layout-28f84493 wp-block-columns-is-layout-flex\">\n<div class=\"wp-block-column is-vertically-aligned-center is-layout-flow wp-block-column-is-layout-flow\" style=\"flex-basis:25%\">\n<p>27.03.2026<\/p>\n<\/div>\n\n\n\n<div class=\"wp-block-column is-layout-flow wp-block-column-is-layout-flow\" style=\"flex-basis:50%\">\n<p>Allgemeinverf\u00fcgung zur Aufhebung der aufgrund des Ausbruchs der<br>hochpathogenen Avi\u00e4ren Influenza bei Gefl\u00fcgel eingerichteten \u00dcberwachungszone<\/p>\n<\/div>\n\n\n\n<div class=\"wp-block-column is-vertically-aligned-center is-layout-flow wp-block-column-is-layout-flow\" style=\"flex-basis:25%\">\n<div class=\"wp-block-buttons is-layout-flex wp-block-buttons-is-layout-flex\">\n<div class=\"wp-block-button\"><a class=\"wp-block-button__link wp-element-button\" href=\"https:\/\/lra-soemmerda.de\/wp-content\/uploads\/2026\/04\/2026-03-27_Aufhebung-Allgemeinverfuegung-Schutz-und-Ueberwachungszone-zum-Schutz-gegen-die-Gefluegelpest.pdf\">PDF<\/a><\/div>\n<\/div>\n<\/div>\n<\/div>\n\n\n\n<div class=\"wp-block-columns is-layout-flex wp-container-core-columns-is-layout-28f84493 wp-block-columns-is-layout-flex\">\n<div class=\"wp-block-column is-vertically-aligned-center is-layout-flow wp-block-column-is-layout-flow\" style=\"flex-basis:25%\">\n<p>23.03.2026<\/p>\n<\/div>\n\n\n\n<div class=\"wp-block-column is-layout-flow wp-block-column-is-layout-flow\" style=\"flex-basis:50%\">\n<p>Allgemeinverf\u00fcgung zur Aufhebung der aufgrund des Ausbruchs der<br>hochpathogenen Avi\u00e4ren Influenza bei Gefl\u00fcgel eingerichteten \u00dcberwachungszone<\/p>\n<\/div>\n\n\n\n<div class=\"wp-block-column is-vertically-aligned-center is-layout-flow wp-block-column-is-layout-flow\" style=\"flex-basis:25%\">\n<div class=\"wp-block-buttons is-layout-flex wp-block-buttons-is-layout-flex\">\n<div class=\"wp-block-button\"><a class=\"wp-block-button__link wp-element-button\" href=\"https:\/\/lra-soemmerda.de\/wp-content\/uploads\/2026\/03\/2026-03-23_Aufhebung-Allgemeinverfuegung-Schutz-und-Ueberwachungszone-zum-Schutz-gegen-die-Gefluegelpest.pdf\" target=\"_blank\" rel=\"noreferrer noopener\">PDF<\/a><\/div>\n<\/div>\n<\/div>\n<\/div>\n\n\n\n<div class=\"wp-block-columns is-layout-flex wp-container-core-columns-is-layout-28f84493 wp-block-columns-is-layout-flex\">\n<div class=\"wp-block-column is-vertically-aligned-center is-layout-flow wp-block-column-is-layout-flow\" style=\"flex-basis:25%\">\n<p>16.03.2026<\/p>\n<\/div>\n\n\n\n<div class=\"wp-block-column is-layout-flow wp-block-column-is-layout-flow\" style=\"flex-basis:50%\">\n<p>Allgemeinverf\u00fcgung zur Aufhebung der eingerichteten Schutzzone<\/p>\n<\/div>\n\n\n\n<div class=\"wp-block-column is-layout-flow wp-block-column-is-layout-flow\" style=\"flex-basis:25%\">\n<div class=\"wp-block-buttons is-layout-flex wp-block-buttons-is-layout-flex\">\n<div class=\"wp-block-button\"><a class=\"wp-block-button__link wp-element-button\" href=\"https:\/\/lra-soemmerda.de\/wp-content\/uploads\/2026\/03\/2026-03-16_Allgemeinverfuegung-zur-Aufhebung-der-eingerichteten-Schutzzone.pdf\" target=\"_blank\" rel=\"noreferrer noopener\">PDF<\/a><\/div>\n<\/div>\n<\/div>\n<\/div>\n\n\n\n<div class=\"wp-block-columns is-layout-flex wp-container-core-columns-is-layout-28f84493 wp-block-columns-is-layout-flex\">\n<div class=\"wp-block-column is-vertically-aligned-center is-layout-flow wp-block-column-is-layout-flow\" style=\"flex-basis:25%\">\n<p>13.03.2026<\/p>\n<\/div>\n\n\n\n<div class=\"wp-block-column is-layout-flow wp-block-column-is-layout-flow\" style=\"flex-basis:50%\">\n<p>Tierseuchenbeh\u00f6rdliche Allgemeinverf\u00fcgung zum Schutz gegen die Gefl\u00fcgelpest_Ausbruch Stotternheim<\/p>\n<\/div>\n\n\n\n<div class=\"wp-block-column is-vertically-aligned-center is-layout-flow wp-block-column-is-layout-flow\" style=\"flex-basis:25%\">\n<div class=\"wp-block-buttons is-layout-flex wp-block-buttons-is-layout-flex\">\n<div class=\"wp-block-button\"><a class=\"wp-block-button__link wp-element-button\" href=\"https:\/\/lra-soemmerda.de\/wp-content\/uploads\/2026\/03\/2026-03-13_Allgemeinverfuegung-zum-Schutz-gegen-die-Gefluegelpest_Ausbruch-Stotternheim.pdf\" target=\"_blank\" rel=\"noreferrer noopener\">PDF<\/a><\/div>\n<\/div>\n<\/div>\n<\/div>\n\n\n\n<div class=\"wp-block-columns is-layout-flex wp-container-core-columns-is-layout-28f84493 wp-block-columns-is-layout-flex\">\n<div class=\"wp-block-column is-vertically-aligned-center is-layout-flow wp-block-column-is-layout-flow\" style=\"flex-basis:25%\">\n<p>10.03.2026<\/p>\n<\/div>\n\n\n\n<div class=\"wp-block-column is-layout-flow wp-block-column-is-layout-flow\" style=\"flex-basis:50%\">\n<p>Verordnung \u00fcber Bef\u00f6rderungsentgelte und Bef\u00f6rderungsbedingungen f\u00fcr den Verkehr mit Taxen im Landkreis S\u00f6mmerda<\/p>\n<\/div>\n\n\n\n<div class=\"wp-block-column is-vertically-aligned-center is-layout-flow wp-block-column-is-layout-flow\" style=\"flex-basis:25%\">\n<div class=\"wp-block-buttons is-layout-flex wp-block-buttons-is-layout-flex\">\n<div class=\"wp-block-button\"><a class=\"wp-block-button__link wp-element-button\" href=\"https:\/\/lra-soemmerda.de\/wp-content\/uploads\/2026\/03\/Verordnung-ueber-Befoerderungsentgelte-und-Befoerderungsbedingungen-fuer-den-Verkehr-mit-Taxen-im-Landkreis-Soemmerda.pdf\" target=\"_blank\" rel=\"noreferrer noopener\">PDF<\/a><\/div>\n<\/div>\n<\/div>\n<\/div>\n\n\n\n<div class=\"wp-block-columns is-layout-flex wp-container-core-columns-is-layout-28f84493 wp-block-columns-is-layout-flex\">\n<div class=\"wp-block-column is-vertically-aligned-center is-layout-flow wp-block-column-is-layout-flow\" style=\"flex-basis:25%\">\n<p>10.03.2026<\/p>\n<\/div>\n\n\n\n<div class=\"wp-block-column is-layout-flow wp-block-column-is-layout-flow\" style=\"flex-basis:50%\">\n<p>Bekanntmachung Bau- und Vergabeausschuss am 25.03.2026<\/p>\n<\/div>\n\n\n\n<div class=\"wp-block-column is-layout-flow wp-block-column-is-layout-flow\" style=\"flex-basis:25%\">\n<div class=\"wp-block-buttons is-layout-flex wp-block-buttons-is-layout-flex\">\n<div class=\"wp-block-button\"><a class=\"wp-block-button__link wp-element-button\" href=\"https:\/\/lra-soemmerda.de\/wp-content\/uploads\/2026\/03\/2026-03-25_Bekanntmachung-Bau-und-Vergabeausschuss.pdf\" target=\"_blank\" rel=\"noreferrer noopener\">PDF<\/a><\/div>\n<\/div>\n<\/div>\n<\/div>\n\n\n\n<div class=\"wp-block-columns is-layout-flex wp-container-core-columns-is-layout-28f84493 wp-block-columns-is-layout-flex\">\n<div class=\"wp-block-column is-vertically-aligned-center is-layout-flow wp-block-column-is-layout-flow\" style=\"flex-basis:25%\">\n<p>02.03.2026<\/p>\n<\/div>\n\n\n\n<div class=\"wp-block-column is-layout-flow wp-block-column-is-layout-flow\" style=\"flex-basis:50%\">\n<p>Haushaltsplan 2026<\/p>\n<\/div>\n\n\n\n<div class=\"wp-block-column is-layout-flow wp-block-column-is-layout-flow\" style=\"flex-basis:25%\">\n<div class=\"wp-block-buttons is-layout-flex wp-block-buttons-is-layout-flex\">\n<div class=\"wp-block-button\"><a class=\"wp-block-button__link wp-element-button\" href=\"https:\/\/lra-soemmerda.de\/wp-content\/uploads\/2026\/03\/Haushaltsplan-2026.pdf\">PDF<\/a><\/div>\n<\/div>\n<\/div>\n<\/div>\n\n\n\n<div class=\"wp-block-columns is-layout-flex wp-container-core-columns-is-layout-28f84493 wp-block-columns-is-layout-flex\">\n<div class=\"wp-block-column is-vertically-aligned-center is-layout-flow wp-block-column-is-layout-flow\" style=\"flex-basis:25%\">\n<p>27.02.2026<\/p>\n<\/div>\n\n\n\n<div class=\"wp-block-column is-layout-flow wp-block-column-is-layout-flow\" style=\"flex-basis:50%\">\n<p>Tierseuchenbeh\u00f6rdliche Allgemeinverf\u00fcgung zum Schutz gegen die Gefl\u00fcgelpest (erneuter Ausbruch)<\/p>\n<\/div>\n\n\n\n<div class=\"wp-block-column is-vertically-aligned-center is-layout-flow wp-block-column-is-layout-flow\" style=\"flex-basis:25%\">\n<div class=\"wp-block-buttons is-layout-flex wp-block-buttons-is-layout-flex\">\n<div class=\"wp-block-button\"><a class=\"wp-block-button__link wp-element-button\" href=\"https:\/\/lra-soemmerda.de\/wp-content\/uploads\/2026\/03\/2026-02-27_Allgemeinverfuegung-zum-Schutz-gegen-die-Gefluegelpest_Ausbruch-2.pdf\" target=\"_blank\" rel=\"noreferrer noopener\">PDF<\/a><\/div>\n<\/div>\n<\/div>\n<\/div>\n\n\n\n<div class=\"wp-block-columns is-layout-flex wp-container-core-columns-is-layout-28f84493 wp-block-columns-is-layout-flex\">\n<div class=\"wp-block-column is-vertically-aligned-center is-layout-flow wp-block-column-is-layout-flow\" style=\"flex-basis:25%\">\n<p>25.02.2026<\/p>\n<\/div>\n\n\n\n<div class=\"wp-block-column is-layout-flow wp-block-column-is-layout-flow\" style=\"flex-basis:50%\">\n<p>Haushaltssatzung 2026<\/p>\n<\/div>\n\n\n\n<div class=\"wp-block-column is-layout-flow wp-block-column-is-layout-flow\" style=\"flex-basis:25%\">\n<div class=\"wp-block-buttons is-layout-flex wp-block-buttons-is-layout-flex\">\n<div class=\"wp-block-button\"><a class=\"wp-block-button__link wp-element-button\" href=\"https:\/\/lra-soemmerda.de\/wp-content\/uploads\/2026\/03\/Bekanntmachung-der-Haushaltssatzung-2026.pdf\" target=\"_blank\" rel=\"noreferrer noopener\">PDF<\/a><\/div>\n<\/div>\n<\/div>\n<\/div>\n\n\n\n<div class=\"wp-block-columns is-layout-flex wp-container-core-columns-is-layout-28f84493 wp-block-columns-is-layout-flex\">\n<div class=\"wp-block-column is-vertically-aligned-center is-layout-flow wp-block-column-is-layout-flow\" style=\"flex-basis:25%\">\n<p>19.02.2026<\/p>\n<\/div>\n\n\n\n<div class=\"wp-block-column is-layout-flow wp-block-column-is-layout-flow\" style=\"flex-basis:50%\">\n<p>Tierseuchenbeh\u00f6rdliche Allgemeinverf\u00fcgung zum Schutz gegen die Gefl\u00fcgelpest<\/p>\n<\/div>\n\n\n\n<div class=\"wp-block-column is-vertically-aligned-center is-layout-flow wp-block-column-is-layout-flow\" style=\"flex-basis:25%\">\n<div class=\"wp-block-buttons is-layout-flex wp-block-buttons-is-layout-flex\">\n<div class=\"wp-block-button\"><a class=\"wp-block-button__link wp-element-button\" href=\"https:\/\/lra-soemmerda.de\/wp-content\/uploads\/2026\/03\/2026-02-19_Allgemeinverfuegung-zum-Schutz-gegen-die-Gefluegelpest_Schutz-und-Ueberwachungszone.pdf\" target=\"_blank\" rel=\"noreferrer noopener\">PDF<\/a><\/div>\n<\/div>\n<\/div>\n<\/div>\n\n\n\n<div class=\"wp-block-columns is-layout-flex wp-container-core-columns-is-layout-28f84493 wp-block-columns-is-layout-flex\">\n<div class=\"wp-block-column is-vertically-aligned-center is-layout-flow wp-block-column-is-layout-flow\" style=\"flex-basis:25%\">\n<p>16.02.2026<\/p>\n<\/div>\n\n\n\n<div class=\"wp-block-column is-layout-flow wp-block-column-is-layout-flow\" style=\"flex-basis:50%\">\n<p>Bekanntmachung Jugendhilfeausschuss am 25.02.2026<\/p>\n<\/div>\n\n\n\n<div class=\"wp-block-column is-vertically-aligned-center is-layout-flow wp-block-column-is-layout-flow\" style=\"flex-basis:25%\">\n<div class=\"wp-block-buttons is-layout-flex wp-block-buttons-is-layout-flex\">\n<div class=\"wp-block-button\"><a class=\"wp-block-button__link wp-element-button\" href=\"https:\/\/lra-soemmerda.de\/wp-content\/uploads\/2026\/03\/2026-02-25_Bekanntmachung-Jugendhilfeausschuss.pdf\" target=\"_blank\" rel=\"noreferrer noopener\">PDF<\/a><\/div>\n<\/div>\n<\/div>\n<\/div>\n\n\n\n<div class=\"wp-block-columns is-layout-flex wp-container-core-columns-is-layout-28f84493 wp-block-columns-is-layout-flex\">\n<div class=\"wp-block-column is-vertically-aligned-center is-layout-flow wp-block-column-is-layout-flow\" style=\"flex-basis:25%\">\n<p>04.02.2026<\/p>\n<\/div>\n\n\n\n<div class=\"wp-block-column is-layout-flow wp-block-column-is-layout-flow\" style=\"flex-basis:50%\">\n<p>Bekanntmachung Bau- und Vergabeausschuss am 11.02.2025<\/p>\n<\/div>\n\n\n\n<div class=\"wp-block-column is-layout-flow wp-block-column-is-layout-flow\" style=\"flex-basis:25%\">\n<div class=\"wp-block-buttons is-layout-flex wp-block-buttons-is-layout-flex\">\n<div class=\"wp-block-button\"><a class=\"wp-block-button__link wp-element-button\" href=\"https:\/\/lra-soemmerda.de\/wp-content\/uploads\/2026\/03\/2026-02-11_Bekanntmachung-Bau-und-Vergabeausschuss.pdf\" target=\"_blank\" rel=\"noreferrer noopener\">PDF<\/a><\/div>\n<\/div>\n<\/div>\n<\/div>\n\n\n\n<p><\/p>\n<\/div>\n<\/div>\n","protected":false},"excerpt":{"rendered":"<p>An dieser Stelle ver\u00f6ffentlichen wir&nbsp;unsere amtlichen&nbsp;Bekanntmachungen &#8211; sozusagen unser &#8222;Digitaler Aushang&#8220;. Die Dokumente werden zum Herunterladen im PDF-Format&nbsp;zur Verf\u00fcgung gestellt. Neueste Bekanntmachungen 16.04.2026 Allgemeinverf\u00fcgung zur Aufhebung der aufgrund des Ausbruchs derhochpathogenen Avi\u00e4ren Influenza bei Gefl\u00fcgel eingerichteten \u00dcberwachungszone 07.04.2026 Allgemeinverf\u00fcgung zur Aufhebung der aufgrund des Ausbruchs derhochpathogenen Avi\u00e4ren Influenza bei Gefl\u00fcgel eingerichteten Schutzzone 02.04.2026 Informationen zu [&hellip;]<\/p>\n","protected":false},"author":7,"featured_media":0,"parent":0,"menu_order":0,"comment_status":"closed","ping_status":"closed","template":"","meta":{"footnotes":""},"class_list":["post-93","page","type-page","status-publish","hentry"],"_links":{"self":[{"href":"https:\/\/www.lra-soemmerda.de\/index.php?rest_route=\/wp\/v2\/pages\/93","targetHints":{"allow":["GET"]}}],"collection":[{"href":"https:\/\/www.lra-soemmerda.de\/index.php?rest_route=\/wp\/v2\/pages"}],"about":[{"href":"https:\/\/www.lra-soemmerda.de\/index.php?rest_route=\/wp\/v2\/types\/page"}],"author":[{"embeddable":true,"href":"https:\/\/www.lra-soemmerda.de\/index.php?rest_route=\/wp\/v2\/users\/7"}],"replies":[{"embeddable":true,"href":"https:\/\/www.lra-soemmerda.de\/index.php?rest_route=%2Fwp%2Fv2%2Fcomments&post=93"}],"version-history":[{"count":12,"href":"https:\/\/www.lra-soemmerda.de\/index.php?rest_route=\/wp\/v2\/pages\/93\/revisions"}],"predecessor-version":[{"id":478,"href":"https:\/\/www.lra-soemmerda.de\/index.php?rest_route=\/wp\/v2\/pages\/93\/revisions\/478"}],"wp:attachment":[{"href":"https:\/\/www.lra-soemmerda.de\/index.php?rest_route=%2Fwp%2Fv2%2Fmedia&parent=93"}],"curies":[{"name":"wp","href":"https:\/\/api.w.org\/{rel}","templated":true}]}}